{"id":12,"date":"2025-11-26T11:37:15","date_gmt":"2025-11-26T14:37:15","guid":{"rendered":"https:\/\/www.cbiotec.ufpb.br\/sipg\/?page_id=12"},"modified":"2026-01-29T08:18:08","modified_gmt":"2026-01-29T11:18:08","slug":"solicitacao-de-diplomas","status":"publish","type":"page","link":"https:\/\/www.cbiotec.ufpb.br\/sipg\/solicitacao-de-diplomas\/","title":{"rendered":"Solicita\u00e7\u00e3o de Diplomas"},"content":{"rendered":"\n<p>Para iniciar o processo de solicita\u00e7\u00e3o do diploma digital, o interessado dever\u00e1 seguir as seguintes etapas:<\/p>\n\n\n\n<ul class=\"wp-block-list\">\n<li>Preencha o formul\u00e1rio dispon\u00edvel [Criar formul\u00e1rio].<\/li>\n\n\n\n<li>Envie os seguintes documentos para nosso e-mail (sipg@cbiotec.ufpb.br):\n<ul class=\"wp-block-list\">\n<li>RG (frente e verso) e CPF;<\/li>\n\n\n\n<li>Certid\u00e3o de nascimento ou casamento;<\/li>\n\n\n\n<li>Diploma da gradua\u00e7\u00e3o frente e verso (para emiss\u00e3o do diploma de Mestre);<\/li>\n\n\n\n<li>Diploma do mestrado frente e verso (para emiss\u00e3o do diploma de Doutor);<\/li>\n\n\n\n<li>C\u00f3pia corrigida em formato digital da Disserta\u00e7\u00e3o ou da Tese (em PDF).<\/li>\n<\/ul>\n<\/li>\n<\/ul>\n","protected":false},"excerpt":{"rendered":"<p>Para iniciar o processo de solicita\u00e7\u00e3o do diploma digital, o interessado dever\u00e1 seguir as seguintes [&hellip;]<\/p>\n","protected":false},"author":47,"featured_media":0,"parent":0,"menu_order":0,"comment_status":"closed","ping_status":"closed","template":"","meta":{"footnotes":""},"class_list":["post-12","page","type-page","status-publish","hentry"],"_links":{"self":[{"href":"https:\/\/www.cbiotec.ufpb.br\/sipg\/wp-json\/wp\/v2\/pages\/12","targetHints":{"allow":["GET"]}}],"collection":[{"href":"https:\/\/www.cbiotec.ufpb.br\/sipg\/wp-json\/wp\/v2\/pages"}],"about":[{"href":"https:\/\/www.cbiotec.ufpb.br\/sipg\/wp-json\/wp\/v2\/types\/page"}],"author":[{"embeddable":true,"href":"https:\/\/www.cbiotec.ufpb.br\/sipg\/wp-json\/wp\/v2\/users\/47"}],"replies":[{"embeddable":true,"href":"https:\/\/www.cbiotec.ufpb.br\/sipg\/wp-json\/wp\/v2\/comments?post=12"}],"version-history":[{"count":4,"href":"https:\/\/www.cbiotec.ufpb.br\/sipg\/wp-json\/wp\/v2\/pages\/12\/revisions"}],"predecessor-version":[{"id":67,"href":"https:\/\/www.cbiotec.ufpb.br\/sipg\/wp-json\/wp\/v2\/pages\/12\/revisions\/67"}],"wp:attachment":[{"href":"https:\/\/www.cbiotec.ufpb.br\/sipg\/wp-json\/wp\/v2\/media?parent=12"}],"curies":[{"name":"wp","href":"https:\/\/api.w.org\/{rel}","templated":true}]}}