{"id":18,"date":"2026-01-28T14:29:09","date_gmt":"2026-01-28T17:29:09","guid":{"rendered":"https:\/\/www.cbiotec.ufpb.br\/sipg\/?page_id=18"},"modified":"2026-01-29T08:09:11","modified_gmt":"2026-01-29T11:09:11","slug":"programa-multicentrico-de-pos-graduacao-em-ciencias-fisiologicas","status":"publish","type":"page","link":"https:\/\/www.cbiotec.ufpb.br\/sipg\/programa-multicentrico-de-pos-graduacao-em-ciencias-fisiologicas\/","title":{"rendered":"Programa Multic\u00eantrico de P\u00f3s gradua\u00e7\u00e3o em Ci\u00eancias Fisiol\u00f3gicas"},"content":{"rendered":"\n<p>O Programa de P\u00f3s-gradua\u00e7\u00e3o Multic\u00eantrico em Ci\u00eancias Fisiol\u00f3gicas (PPGMCF) stricto sensu (mestrado e doutorado) \u00e9 credenciado pela CAPES (conceito 5) e iniciou suas atividades em mar\u00e7o de 2009. Os principais objetivos do Programa s\u00e3o: a forma\u00e7\u00e3o de profissionais capacitados para atuar em fisiologia e \u00e1reas afins; desenvolver ci\u00eancia de elevado n\u00edvel acad\u00eamico e tecnol\u00f3gico; a gera\u00e7\u00e3o de conhecimentos, em harmonia com o desenvolvimento cient\u00edfico, tecnol\u00f3gico e social do pa\u00eds bem como o fortalecimento e expans\u00e3o da P\u00f3s-Gradua\u00e7\u00e3o em Ci\u00eancias Fisiol\u00f3gicas no Brasil. &nbsp;<br>A Sociedade Brasileira de Fisiologia (SBFis) \u00e9 a Institui\u00e7\u00e3o proponente do PPGMCF o qual \u00e9 regido por regulamento pr\u00f3prio e coordenado pelo Colegiado Geral e Colegiados Administrativos Locais.<\/p>\n\n\n\n<div style=\"text-align:center;padding:20px\">\n  <a href=\"https:\/\/www.ppgmcf.com.br\" target=\"_blank\" style=\"background:#4CAF50;color:white;padding:15px 30px;text-decoration:none;border-radius:4px;font-size:16px\">\n    Acessar site do programa\n  <\/a>\n<\/div>\n","protected":false},"excerpt":{"rendered":"<p>O Programa de P\u00f3s-gradua\u00e7\u00e3o Multic\u00eantrico em Ci\u00eancias Fisiol\u00f3gicas (PPGMCF) stricto sensu (mestrado e doutorado) \u00e9 [&hellip;]<\/p>\n","protected":false},"author":47,"featured_media":0,"parent":0,"menu_order":0,"comment_status":"closed","ping_status":"closed","template":"","meta":{"footnotes":""},"class_list":["post-18","page","type-page","status-publish","hentry"],"_links":{"self":[{"href":"https:\/\/www.cbiotec.ufpb.br\/sipg\/wp-json\/wp\/v2\/pages\/18","targetHints":{"allow":["GET"]}}],"collection":[{"href":"https:\/\/www.cbiotec.ufpb.br\/sipg\/wp-json\/wp\/v2\/pages"}],"about":[{"href":"https:\/\/www.cbiotec.ufpb.br\/sipg\/wp-json\/wp\/v2\/types\/page"}],"author":[{"embeddable":true,"href":"https:\/\/www.cbiotec.ufpb.br\/sipg\/wp-json\/wp\/v2\/users\/47"}],"replies":[{"embeddable":true,"href":"https:\/\/www.cbiotec.ufpb.br\/sipg\/wp-json\/wp\/v2\/comments?post=18"}],"version-history":[{"count":5,"href":"https:\/\/www.cbiotec.ufpb.br\/sipg\/wp-json\/wp\/v2\/pages\/18\/revisions"}],"predecessor-version":[{"id":63,"href":"https:\/\/www.cbiotec.ufpb.br\/sipg\/wp-json\/wp\/v2\/pages\/18\/revisions\/63"}],"wp:attachment":[{"href":"https:\/\/www.cbiotec.ufpb.br\/sipg\/wp-json\/wp\/v2\/media?parent=18"}],"curies":[{"name":"wp","href":"https:\/\/api.w.org\/{rel}","templated":true}]}}