{"id":26,"date":"2025-11-26T11:38:50","date_gmt":"2025-11-26T14:38:50","guid":{"rendered":"https:\/\/www.cbiotec.ufpb.br\/sipg\/?page_id=26"},"modified":"2025-11-26T15:58:16","modified_gmt":"2025-11-26T18:58:16","slug":"apresentacao","status":"publish","type":"page","link":"https:\/\/www.cbiotec.ufpb.br\/sipg\/apresentacao\/","title":{"rendered":"Apresenta\u00e7\u00e3o"},"content":{"rendered":"\n<p>A Secretaria Integrada de P\u00f3s gradua\u00e7\u00e3o (SIPG) \u00e9 a unidade respons\u00e1vel por centralizar e organizar o atendimento \u00e0s demandas acad\u00eamicas de todos os cursos de p\u00f3s gradua\u00e7\u00e3o do Centro de Biotecnologia (CBiotec) da UFPB. Com o objetivo de proporcionar um servi\u00e7o mais eficiente e padronizado, a SIPG atua no suporte a discentes, docentes e coordenadores, oferecendo orienta\u00e7\u00f5es e executando procedimentos administrativos relacionados \u00e0 vida acad\u00eamica.<\/p>\n\n\n\n<p><br>A Secretaria Integrada de P\u00f3s gradua\u00e7\u00e3o do Centro de Biotecnologia implementa um novo modelo de gest\u00e3o. O objetivo principal \u00e9 tornar os servi\u00e7os mais eficientes tanto para a comunidade universit\u00e1ria quanto para o p\u00fablico externo. Dessa forma, visamos simplificar as tarefas burocr\u00e1ticas das coordena\u00e7\u00f5es dos cursos de p\u00f3s gradua\u00e7\u00e3o, especialmente no atendimento aos discentes , al\u00e9m de otimizar o uso dos recursos dispon\u00edveis para a presta\u00e7\u00e3o de um servi\u00e7o p\u00fablico de excel\u00eancia.<\/p>\n\n\n\n<p><br>Os atendimentos podem ser realizados presencialmente na sede da Secretaria Integrada, por telefone ou pelo e mail institucional. Al\u00e9m disso, no site da SIPG encontram se dispon\u00edveis todas as informa\u00e7\u00f5es necess\u00e1rias, incluindo formul\u00e1rios, documentos, resolu\u00e7\u00f5es e orienta\u00e7\u00f5es referentes aos principais servi\u00e7os oferecidos.<\/p>\n","protected":false},"excerpt":{"rendered":"<p>A Secretaria Integrada de P\u00f3s gradua\u00e7\u00e3o (SIPG) \u00e9 a unidade respons\u00e1vel por centralizar e organizar [&hellip;]<\/p>\n","protected":false},"author":47,"featured_media":0,"parent":0,"menu_order":0,"comment_status":"closed","ping_status":"closed","template":"","meta":{"footnotes":""},"class_list":["post-26","page","type-page","status-publish","hentry"],"_links":{"self":[{"href":"https:\/\/www.cbiotec.ufpb.br\/sipg\/wp-json\/wp\/v2\/pages\/26","targetHints":{"allow":["GET"]}}],"collection":[{"href":"https:\/\/www.cbiotec.ufpb.br\/sipg\/wp-json\/wp\/v2\/pages"}],"about":[{"href":"https:\/\/www.cbiotec.ufpb.br\/sipg\/wp-json\/wp\/v2\/types\/page"}],"author":[{"embeddable":true,"href":"https:\/\/www.cbiotec.ufpb.br\/sipg\/wp-json\/wp\/v2\/users\/47"}],"replies":[{"embeddable":true,"href":"https:\/\/www.cbiotec.ufpb.br\/sipg\/wp-json\/wp\/v2\/comments?post=26"}],"version-history":[{"count":3,"href":"https:\/\/www.cbiotec.ufpb.br\/sipg\/wp-json\/wp\/v2\/pages\/26\/revisions"}],"predecessor-version":[{"id":51,"href":"https:\/\/www.cbiotec.ufpb.br\/sipg\/wp-json\/wp\/v2\/pages\/26\/revisions\/51"}],"wp:attachment":[{"href":"https:\/\/www.cbiotec.ufpb.br\/sipg\/wp-json\/wp\/v2\/media?parent=26"}],"curies":[{"name":"wp","href":"https:\/\/api.w.org\/{rel}","templated":true}]}}