{"id":68,"date":"2026-01-29T08:55:15","date_gmt":"2026-01-29T11:55:15","guid":{"rendered":"https:\/\/www.cbiotec.ufpb.br\/sipg\/?page_id=68"},"modified":"2026-01-29T09:40:26","modified_gmt":"2026-01-29T12:40:26","slug":"links-uteis","status":"publish","type":"page","link":"https:\/\/www.cbiotec.ufpb.br\/sipg\/links-uteis\/","title":{"rendered":"Links \u00dateis"},"content":{"rendered":"\n<p><a href=\"http:\/\/www.biblioteca.ufpb.br\/biblioteca\" target=\"_blank\" rel=\"noreferrer noopener\">BIBLIOTECA CENTRAL \u2013 BC&nbsp;<\/a><\/p>\n\n\n\n<p>Suporte informacional aos programas de ensino, pesquisa e extens\u00e3o da UFPB.<\/p>\n\n\n\n<p><a href=\"http:\/\/www.prg.ufpb.br\/\" target=\"_blank\" rel=\"noreferrer noopener\">PRO-REITORIA DE P\u00d3S-GRADUA\u00c7\u00c3O \u2013 PRPG<\/a>&nbsp;<\/p>\n\n\n\n<p>A Pr\u00f3-Reitoria de P\u00f3s-Gradua\u00e7\u00e3o (PRPG) \u00e9 um \u00f3rg\u00e3o auxiliar da dire\u00e7\u00e3o superior incumbido de planejar, coordenar e acompanhar a execu\u00e7\u00e3o das atividades de p\u00f3s-gradua\u00e7\u00e3o e atua de forma localizada e espec\u00edfica no desenvolvimento dos programas de p\u00f3s- gradua\u00e7\u00e3o da UFPB. Enquanto isso, atua tamb\u00e9m de forma a se inserir de maneira sustent\u00e1vel e competitiva no ecossistema da p\u00f3s-gradua\u00e7\u00e3o nacional e internacional.<\/p>\n\n\n\n<p><a href=\"https:\/\/sigaa.ufpb.br\/sigaa\/\" target=\"_blank\" rel=\"noreferrer noopener\"><u>SIGAA \u2013 SISTEMA INTEGRADO DE GEST\u00c3O DE ATIVIDADES ACAD\u00caMICAS<\/u><\/a><\/p>\n\n\n\n<p>Sistema acad\u00eamico que automatiza os procedimentos da \u00e1rea acad\u00eamica atrav\u00e9s do m\u00f3dulo Stricto Sensu. Com informa\u00e7\u00f5es sobre ensino, pesquisa, biblioteca, ambientes virtuais e outros.<\/p>\n\n\n\n<p><a href=\"https:\/\/sipac.ufpb.br\/sipac\/\" target=\"_blank\" rel=\"noreferrer noopener\"><u>SIPAC \u2013 SISTEMA INTEGRADO DE PATRIM\u00d4NIO, ADMINISTRA\u00c7\u00c3O E CONTRATOS<\/u><\/a><\/p>\n\n\n\n<p>Sistema de processamento de informa\u00e7\u00f5es que automatiza os diversos processos da \u00e1rea administrativa.<\/p>\n\n\n\n<p><\/p>\n","protected":false},"excerpt":{"rendered":"<p>BIBLIOTECA CENTRAL \u2013 BC&nbsp; Suporte informacional aos programas de ensino, pesquisa e extens\u00e3o da UFPB. [&hellip;]<\/p>\n","protected":false},"author":63,"featured_media":0,"parent":0,"menu_order":0,"comment_status":"closed","ping_status":"closed","template":"","meta":{"footnotes":""},"class_list":["post-68","page","type-page","status-publish","hentry"],"_links":{"self":[{"href":"https:\/\/www.cbiotec.ufpb.br\/sipg\/wp-json\/wp\/v2\/pages\/68","targetHints":{"allow":["GET"]}}],"collection":[{"href":"https:\/\/www.cbiotec.ufpb.br\/sipg\/wp-json\/wp\/v2\/pages"}],"about":[{"href":"https:\/\/www.cbiotec.ufpb.br\/sipg\/wp-json\/wp\/v2\/types\/page"}],"author":[{"embeddable":true,"href":"https:\/\/www.cbiotec.ufpb.br\/sipg\/wp-json\/wp\/v2\/users\/63"}],"replies":[{"embeddable":true,"href":"https:\/\/www.cbiotec.ufpb.br\/sipg\/wp-json\/wp\/v2\/comments?post=68"}],"version-history":[{"count":2,"href":"https:\/\/www.cbiotec.ufpb.br\/sipg\/wp-json\/wp\/v2\/pages\/68\/revisions"}],"predecessor-version":[{"id":72,"href":"https:\/\/www.cbiotec.ufpb.br\/sipg\/wp-json\/wp\/v2\/pages\/68\/revisions\/72"}],"wp:attachment":[{"href":"https:\/\/www.cbiotec.ufpb.br\/sipg\/wp-json\/wp\/v2\/media?parent=68"}],"curies":[{"name":"wp","href":"https:\/\/api.w.org\/{rel}","templated":true}]}}